{"id":9757,"date":"2025-08-27T07:56:43","date_gmt":"2025-08-27T07:56:43","guid":{"rendered":"https:\/\/navaraagroexport.com\/?page_id=9757"},"modified":"2025-08-27T08:14:24","modified_gmt":"2025-08-27T08:14:24","slug":"tiger-nuts","status":"publish","type":"page","link":"https:\/\/navaraagroexport.com\/tr\/our-products\/tiger-nuts\/","title":{"rendered":"Kaplan F\u0131nd\u0131\u011f\u0131"},"content":{"rendered":"\t\t<div data-elementor-type=\"wp-page\" data-elementor-id=\"9757\" class=\"elementor elementor-9757\" data-elementor-post-type=\"page\">\n\t\t\t\t<div class=\"elementor-element elementor-element-fd280b6 e-flex e-con-boxed e-con e-parent \" data-id=\"fd280b6\" data-element_type=\"container\" data-e-type=\"container\" data-settings=\"{&quot;background_background&quot;:&quot;classic&quot;,&quot;background_motion_fx_motion_fx_scrolling&quot;:&quot;yes&quot;,&quot;background_motion_fx_translateY_effect&quot;:&quot;yes&quot;,&quot;background_motion_fx_translateY_speed&quot;:{&quot;unit&quot;:&quot;px&quot;,&quot;size&quot;:2,&quot;sizes&quot;:[]},&quot;background_motion_fx_devices&quot;:[&quot;desktop&quot;],&quot;background_motion_fx_translateY_affectedRange&quot;:{&quot;unit&quot;:&quot;%&quot;,&quot;size&quot;:&quot;&quot;,&quot;sizes&quot;:{&quot;start&quot;:0,&quot;end&quot;:100}}}\">\t\t\t<div class=\"e-con-inner\">\r\n\t\t<div class=\"elementor-element elementor-element-469a953 e-con-full e-flex e-con e-child \" data-id=\"469a953\" data-element_type=\"container\" data-e-type=\"container\">\t\t<div class=\"elementor-element elementor-element-9d53fa4 elementor-widget__width-initial elementor-widget elementor-widget-heading\" data-id=\"9d53fa4\" data-element_type=\"widget\" data-e-type=\"widget\" data-widget_type=\"heading.default\">\n\t\t\t\t\t<span class=\"elementor-heading-title elementor-size-default\"><a href=\"https:\/\/navaraagroexport.com\/tr\/our-products\/\">Products<\/a><\/span>\t\t\t\t<\/div>\n\t\t\t\t<div class=\"elementor-element elementor-element-a0f06af elementor-widget-mobile__width-initial elementor-invisible elementor-widget elementor-widget-heading\" data-id=\"a0f06af\" data-element_type=\"widget\" data-e-type=\"widget\" data-settings=\"{&quot;_animation&quot;:&quot;fadeIn&quot;,&quot;_animation_tablet&quot;:&quot;none&quot;,&quot;_animation_delay&quot;:100}\" data-widget_type=\"heading.default\">\n\t\t\t\t\t<h1 class=\"elementor-heading-title elementor-size-default\">Tiger Nuts<\/h1>\t\t\t\t<\/div>\n\t\t\t\t<div class=\"elementor-element elementor-element-30e0421 elementor-widget elementor-widget-spacer\" data-id=\"30e0421\" data-element_type=\"widget\" data-e-type=\"widget\" data-widget_type=\"spacer.default\">\n\t\t\t\t\t\t\t<div class=\"elementor-spacer\">\n\t\t\t<div class=\"elementor-spacer-inner\"><\/div>\n\t\t<\/div>\n\t\t\t\t\t\t<\/div>\n\t\t\t\t<\/div>\r\n\t\t\t\t\t<\/div>\r\n\t\t\t\t<\/div>\r\n\t\t<div class=\"elementor-element elementor-element-147a81e e-flex e-con-boxed e-con e-parent \" data-id=\"147a81e\" data-element_type=\"container\" data-e-type=\"container\">\t\t\t<div class=\"e-con-inner\">\r\n\t\t<div class=\"elementor-element elementor-element-c9cddc1 e-con-full e-flex e-con e-child \" data-id=\"c9cddc1\" data-element_type=\"container\" data-e-type=\"container\" data-settings=\"{&quot;background_background&quot;:&quot;classic&quot;}\">\t\t<div class=\"elementor-element elementor-element-d9d9020 elementor-widget elementor-widget-image\" data-id=\"d9d9020\" data-element_type=\"widget\" data-e-type=\"widget\" data-widget_type=\"image.default\">\n\t\t\t\t\t\t\t\t\t\t\t\t\t\t\t<img fetchpriority=\"high\" decoding=\"async\" width=\"1024\" height=\"665\" src=\"https:\/\/navaraagroexport.com\/wp-content\/uploads\/2025\/08\/Tiger-Nuts-img-1024x665.jpg\" class=\"attachment-large size-large wp-image-9727\" alt=\"\" srcset=\"https:\/\/navaraagroexport.com\/wp-content\/uploads\/2025\/08\/Tiger-Nuts-img-1024x665.jpg 1024w, https:\/\/navaraagroexport.com\/wp-content\/uploads\/2025\/08\/Tiger-Nuts-img-300x195.jpg 300w, https:\/\/navaraagroexport.com\/wp-content\/uploads\/2025\/08\/Tiger-Nuts-img-768x499.jpg 768w, https:\/\/navaraagroexport.com\/wp-content\/uploads\/2025\/08\/Tiger-Nuts-img-18x12.jpg 18w, https:\/\/navaraagroexport.com\/wp-content\/uploads\/2025\/08\/Tiger-Nuts-img-1093x710.jpg 1093w, https:\/\/navaraagroexport.com\/wp-content\/uploads\/2025\/08\/Tiger-Nuts-img-148x96.jpg 148w, https:\/\/navaraagroexport.com\/wp-content\/uploads\/2025\/08\/Tiger-Nuts-img.jpg 1232w\" sizes=\"(max-width: 1024px) 100vw, 1024px\" \/>\t\t\t\t\t\t\t\t\t\t\t\t\t\t\t<\/div>\n\t\t\t\t<\/div>\r\n\t\t<div class=\"elementor-element elementor-element-fe1b45d e-con-full e-flex e-con e-child \" data-id=\"fe1b45d\" data-element_type=\"container\" data-e-type=\"container\">\t\t<div class=\"elementor-element elementor-element-425b1cc elementor-widget elementor-widget-heading\" data-id=\"425b1cc\" data-element_type=\"widget\" data-e-type=\"widget\" data-widget_type=\"heading.default\">\n\t\t\t\t\t<h3 class=\"elementor-heading-title elementor-size-default\">Tiger Nuts Specifications<\/h3>\t\t\t\t<\/div>\n\t\t\t\t<div class=\"elementor-element elementor-element-8db6366 elementor-widget elementor-widget-text-editor\" data-id=\"8db6366\" data-element_type=\"widget\" data-e-type=\"widget\" data-widget_type=\"text-editor.default\">\n\t\t\t\t\t\t\t\t\t<p><strong data-start=\"166\" data-end=\"178\">Product:<\/strong> Tiger Nuts<br data-start=\"189\" data-end=\"192\" \/><strong data-start=\"192\" data-end=\"203\">Origin:<\/strong> Nigeria<br data-start=\"211\" data-end=\"214\" \/><strong data-start=\"214\" data-end=\"226\">HS Code:<\/strong> 08029090<br data-start=\"235\" data-end=\"238\" \/><strong data-start=\"238\" data-end=\"251\">Moisture:<\/strong> &lt; 10%<br data-start=\"257\" data-end=\"260\" \/><strong data-start=\"260\" data-end=\"272\" data-is-only-node=\"\">Quality:<\/strong> Well-dried, clean, free from stones, dirt, and foreign matter<br data-start=\"334\" data-end=\"337\" \/><strong data-start=\"337\" data-end=\"355\">Payment Terms:<\/strong> 100% Confirmed Irrevocable L\/C at sight OR 30% advance and 70% T\/T against scanned Bill of Lading<br data-start=\"453\" data-end=\"456\" \/><strong data-start=\"456\" data-end=\"470\">Best Term:<\/strong> FOB \/ CIF (as agreed)<br data-start=\"492\" data-end=\"495\" \/><strong data-start=\"495\" data-end=\"503\">MOQ:<\/strong> 20 Metric Tons<br data-start=\"518\" data-end=\"521\" \/><strong data-start=\"521\" data-end=\"541\">Port of Loading:<\/strong> Lagos, Nigeria<br data-start=\"556\" data-end=\"559\" \/><strong data-start=\"559\" data-end=\"580\">Loading Capacity:<\/strong> 20 feet container \/ 20 Metric Tons<br data-start=\"615\" data-end=\"618\" \/><strong data-start=\"618\" data-end=\"632\">Packaging:<\/strong> 50kg polypropylene bags or as per buyer\u2019s request<br data-start=\"682\" data-end=\"685\" \/><strong data-start=\"685\" data-end=\"703\">Delivery Time:<\/strong> 21 days after order confirmation<br data-start=\"736\" data-end=\"739\" \/><strong data-start=\"739\" data-end=\"749\">Price:<\/strong> Click below &#8220;Enquire Now&#8221; to request a quote<\/p>\t\t\t\t\t\t\t\t<\/div>\n\t\t\t\t<div class=\"elementor-element elementor-element-7765ad7 elementor-align-center elementor-mobile-align-left elementor-widget elementor-widget-button\" data-id=\"7765ad7\" data-element_type=\"widget\" data-e-type=\"widget\" data-widget_type=\"button.default\">\n\t\t\t\t\t\t\t\t\t\t<a class=\"elementor-button elementor-button-link elementor-size-sm\" href=\"\/contact-us\/\" target=\"_blank\">\n\t\t\t\t\t\t<span class=\"elementor-button-content-wrapper\">\n\t\t\t\t\t\t\t\t\t<span class=\"elementor-button-text\">Enquire Now<\/span>\n\t\t\t\t\t<\/span>\n\t\t\t\t\t<\/a>\n\t\t\t\t\t\t\t\t<\/div>\n\t\t\t\t<\/div>\r\n\t\t\t\t\t<\/div>\r\n\t\t\t\t<\/div>\r\n\t\t\t\t<\/div>\n\t\t","protected":false},"excerpt":{"rendered":"<p>Products Tiger Nuts Tiger Nuts Specifications Product: Tiger NutsOrigin: NigeriaHS Code: 08029090Moisture: &lt; 10%Quality: Well-dried, clean, free from stones, dirt, and foreign matterPayment Terms: 100% Confirmed Irrevocable L\/C at sight OR 30% advance and 70% T\/T against scanned Bill of LadingBest Term: FOB \/ CIF (as agreed)MOQ: 20 Metric TonsPort of Loading: Lagos, NigeriaLoading Capacity: [&hellip;]<\/p>\n","protected":false},"author":1,"featured_media":0,"parent":9412,"menu_order":0,"comment_status":"closed","ping_status":"closed","template":"","meta":{"footnotes":""},"class_list":["post-9757","page","type-page","status-publish","hentry"],"_links":{"self":[{"href":"https:\/\/navaraagroexport.com\/tr\/wp-json\/wp\/v2\/pages\/9757","targetHints":{"allow":["GET"]}}],"collection":[{"href":"https:\/\/navaraagroexport.com\/tr\/wp-json\/wp\/v2\/pages"}],"about":[{"href":"https:\/\/navaraagroexport.com\/tr\/wp-json\/wp\/v2\/types\/page"}],"author":[{"embeddable":true,"href":"https:\/\/navaraagroexport.com\/tr\/wp-json\/wp\/v2\/users\/1"}],"replies":[{"embeddable":true,"href":"https:\/\/navaraagroexport.com\/tr\/wp-json\/wp\/v2\/comments?post=9757"}],"version-history":[{"count":4,"href":"https:\/\/navaraagroexport.com\/tr\/wp-json\/wp\/v2\/pages\/9757\/revisions"}],"predecessor-version":[{"id":9763,"href":"https:\/\/navaraagroexport.com\/tr\/wp-json\/wp\/v2\/pages\/9757\/revisions\/9763"}],"up":[{"embeddable":true,"href":"https:\/\/navaraagroexport.com\/tr\/wp-json\/wp\/v2\/pages\/9412"}],"wp:attachment":[{"href":"https:\/\/navaraagroexport.com\/tr\/wp-json\/wp\/v2\/media?parent=9757"}],"curies":[{"name":"wp","href":"https:\/\/api.w.org\/{rel}","templated":true}]}}